{"id":19,"date":"2026-01-06T19:17:30","date_gmt":"2026-01-06T18:17:30","guid":{"rendered":"https:\/\/bezpiecznie-dominika-staniszewska.pl\/?page_id=19"},"modified":"2026-03-18T14:43:09","modified_gmt":"2026-03-18T13:43:09","slug":"strona-glowna","status":"publish","type":"page","link":"https:\/\/bezpiecznie-dominika-staniszewska.pl\/","title":{"rendered":"Bezpiecznie"},"content":{"rendered":"\n<div class=\"wp-block-columns are-vertically-aligned-center bezpiecznie-kolumny is-layout-flex wp-container-core-columns-is-layout-adfb9f59 wp-block-columns-is-layout-flex\" style=\"margin-top:0px;margin-bottom:0px\">\n<div class=\"wp-block-column is-vertically-aligned-center is-layout-flow wp-block-column-is-layout-flow\" style=\"border-style:none;border-width:0px;border-top-left-radius:0px;border-top-right-radius:0px;border-bottom-left-radius:0px;border-bottom-right-radius:0px;padding-top:0;padding-bottom:0\"><h1 style=\"font-size:75px;line-height:0.1; border-style:none;border-width:0px; margin-top:0;\" class=\"has-text-align-center has-link-color alignfull wp-elements-57e940e3d6fe039be9965f618c39dded wp-block-post-title has-text-color has-theme-palette-7-color\">Bezpiecznie<\/h1>\n\n\n<p class=\"has-text-align-center has-theme-palette-7-color has-text-color has-link-color wp-elements-f4f24ec3b284a43f2de77a2b5f13fc84\" style=\"margin-top:0;margin-right:0;margin-bottom:var(--wp--preset--spacing--60);margin-left:0;font-size:15px;letter-spacing:3px;line-height:1.1\">DOMINIKA STANISZEWSKA-KURCZAK <\/p>\n\n\n\n<p class=\"has-text-align-center bezpiecznie-tekst has-theme-palette-8-color has-theme-palette-10-background-color has-text-color has-background has-link-color wp-elements-e4199d642b74f933c288b51a3fb90c20\"><strong>bezpiecznie_<\/strong> to miejsce, kt\u00f3re \u0142\u0105czy <strong>psychoterapi\u0119<\/strong>, <strong>grupy rozwojowe<\/strong> i <strong>warsztaty kreatywne<\/strong>.<br>Zmiana, rozw\u00f3j i tw\u00f3rcze spotkania w uwa\u017cnej przestrzeni.<br>Lublin oraz online.<br><strong>Rozgo\u015b\u0107 si\u0119 i poczuj bezpiecznie.<\/strong><\/p>\n\n\n\n<div class=\"wp-block-buttons is-content-justification-center is-layout-flex wp-container-core-buttons-is-layout-16018d1d wp-block-buttons-is-layout-flex\">\n<div class=\"wp-block-button is-style-fill\"><a class=\"wp-block-button__link wp-element-button\" href=\"#oferta\">Oferta<\/a><\/div>\n\n\n\n<div class=\"wp-block-button\"><a class=\"wp-block-button__link wp-element-button\">Zapisz si\u0119<\/a><\/div>\n<\/div>\n<\/div>\n\n\n\n<div class=\"wp-block-column is-vertically-aligned-center bezpiecznie-zdjecie has-theme-palette-10-color has-text-color is-layout-flow wp-block-column-is-layout-flow\" style=\"border-style:none;border-width:0px;border-top-left-radius:0px;border-top-right-radius:0px;border-bottom-left-radius:0px;border-bottom-right-radius:0px;padding-right:0;padding-left:0\"><div class=\"wp-block-image bezpiecznie-zdjecie\">\n<figure class=\"alignleft size-full is-resized has-custom-border\" style=\"margin-right:0;margin-left:0\"><img loading=\"lazy\" decoding=\"async\" width=\"1919\" height=\"2560\" src=\"https:\/\/bezpiecznie-dominika-staniszewska.pl\/wp-content\/uploads\/2026\/01\/DSC09808-kopia-edited-5-scaled.jpg\" alt=\"\" class=\"has-border-color has-theme-palette-10-border-color wp-image-65\" style=\"border-width:11px;border-top-left-radius:0px;border-top-right-radius:0px;border-bottom-left-radius:0px;border-bottom-right-radius:0px;aspect-ratio:0.75722868133293;width:454px;height:auto\" srcset=\"https:\/\/bezpiecznie-dominika-staniszewska.pl\/wp-content\/uploads\/2026\/01\/DSC09808-kopia-edited-5-scaled.jpg 1919w, https:\/\/bezpiecznie-dominika-staniszewska.pl\/wp-content\/uploads\/2026\/01\/DSC09808-kopia-edited-5-225x300.jpg 225w, https:\/\/bezpiecznie-dominika-staniszewska.pl\/wp-content\/uploads\/2026\/01\/DSC09808-kopia-edited-5-768x1024.jpg 768w, https:\/\/bezpiecznie-dominika-staniszewska.pl\/wp-content\/uploads\/2026\/01\/DSC09808-kopia-edited-5-1152x1536.jpg 1152w, https:\/\/bezpiecznie-dominika-staniszewska.pl\/wp-content\/uploads\/2026\/01\/DSC09808-kopia-edited-5-1536x2048.jpg 1536w\" sizes=\"auto, (max-width: 1919px) 100vw, 1919px\" \/><\/figure>\n<\/div><\/div>\n<\/div>\n\n\n\n<div class=\"wp-block-columns is-layout-flex wp-container-core-columns-is-layout-9d6595d7 wp-block-columns-is-layout-flex\">\n<div class=\"wp-block-column is-layout-flow wp-block-column-is-layout-flow\" style=\"flex-basis:33.33%\">\n<figure class=\"wp-block-image size-large has-custom-border bezpiecznie-zdjecie\" style=\"margin-top:9.06rem;margin-bottom:0\"><img loading=\"lazy\" decoding=\"async\" width=\"1200\" height=\"1201\" src=\"https:\/\/bezpiecznie-dominika-staniszewska.pl\/wp-content\/uploads\/2026\/01\/DSC09740_net-edited.jpg\" alt=\"\" class=\"has-border-color has-theme-palette-10-border-color wp-image-146\" style=\"border-width:11px\" srcset=\"https:\/\/bezpiecznie-dominika-staniszewska.pl\/wp-content\/uploads\/2026\/01\/DSC09740_net-edited.jpg 1200w, https:\/\/bezpiecznie-dominika-staniszewska.pl\/wp-content\/uploads\/2026\/01\/DSC09740_net-edited-300x300.jpg 300w, https:\/\/bezpiecznie-dominika-staniszewska.pl\/wp-content\/uploads\/2026\/01\/DSC09740_net-edited-1024x1024.jpg 1024w, https:\/\/bezpiecznie-dominika-staniszewska.pl\/wp-content\/uploads\/2026\/01\/DSC09740_net-edited-150x150.jpg 150w, https:\/\/bezpiecznie-dominika-staniszewska.pl\/wp-content\/uploads\/2026\/01\/DSC09740_net-edited-768x769.jpg 768w\" sizes=\"auto, (max-width: 1200px) 100vw, 1200px\" \/><\/figure>\n<\/div>\n\n\n\n<div class=\"wp-block-column is-layout-flow wp-block-column-is-layout-flow\" style=\"padding-top:var(--wp--preset--spacing--70);flex-basis:66.66%\">\n<div class=\"wp-block-group\"><div class=\"wp-block-group__inner-container is-layout-constrained wp-block-group-is-layout-constrained\">\n<div class=\"wp-block-group\"><div class=\"wp-block-group__inner-container is-layout-constrained wp-block-group-is-layout-constrained\">\n<h2 class=\"wp-block-heading\" id=\"poznajmy-sie\" style=\"margin-bottom:var(--wp--preset--spacing--20);font-size:64px;line-height:1.1\">Poznajmy si\u0119<\/h2>\n\n\n\n<p class=\"has-text-align-left has-theme-palette-7-color has-text-color has-link-color wp-elements-8cec633470a46ed9d7554feb5c13ac1d\" style=\"margin-top:0;margin-right:0;margin-bottom:var(--wp--preset--spacing--50);margin-left:var(--wp--preset--spacing--40);font-size:15px;letter-spacing:3px;line-height:0\">Mam na imi\u0119 Dominika<\/p>\n<\/div><\/div>\n\n\n\n<p class=\"has-theme-palette-8-color has-theme-palette-9-background-color has-text-color has-background has-link-color wp-elements-b2ee9015a962f00a207d110c5f32a396\" style=\"margin-top:0;margin-bottom:0;font-size:16px;line-height:1.3\">Jestem&nbsp;<strong>psycholo\u017ck\u0105<\/strong>&nbsp;oraz&nbsp;<strong>psychoterapeutk\u0105<\/strong> poznawczo-behawioraln\u0105 w trakcie szkolenia. Pracuj\u0119 z&nbsp;osobami doros\u0142ymi, prowadz\u0105c&nbsp;psychoterapi\u0119 indywidualn\u0105, a tak\u017ce grupy rozwojowe i warsztaty&nbsp;\u2014 stacjonarnie w&nbsp;Lublinie&nbsp;oraz online.<\/p>\n\n\n\n<p class=\"has-theme-palette-8-color has-theme-palette-9-background-color has-text-color has-background has-link-color wp-elements-c12dc5746c139c05db878eadc672c869\" style=\"margin-top:0;margin-bottom:0;font-size:16px;line-height:1.3\">W swojej pracy \u0142\u0105cz\u0119&nbsp;<strong>wiedz\u0119 psychologiczn\u0105<\/strong>&nbsp;z <strong>uwa\u017cno\u015bci\u0105<\/strong> na relacj\u0119 z osobami z kt\u00f3rymi wsp\u00f3\u0142pracuje. Staram si\u0119 wprowadza\u0107 atmosfer\u0119, w kt\u00f3rej mo\u017cna by\u0107 sob\u0105 i rozwija\u0107 si\u0119 w swoim tempie. <\/p>\n\n\n\n<p class=\"has-theme-palette-8-color has-theme-palette-9-background-color has-text-color has-background has-link-color wp-elements-6f0d8654f4c106fc50e5e90b340228ad\" style=\"margin-top:0;margin-bottom:0;font-size:16px;line-height:1.3\">Korzystam z narz\u0119dzi terapii poznawczo- behawioralnej, terapii schemat\u00f3w, treningu uwa\u017cno\u015bci, dialogu motywuj\u0105cego, w pracy warsztatowej stawiam na dzia\u0142anie tw\u00f3rcze.<\/p>\n\n\n\n<p class=\"has-theme-palette-8-color has-theme-palette-9-background-color has-text-color has-background has-link-color wp-elements-b98aaeebf6e55f4e5332f1bc53c393b3\" style=\"margin-top:0;margin-bottom:0;font-size:16px;line-height:1.3\">Prywatnie mo\u017cna mnie spotka\u0107 w lesie lub na g\u00f3rskim szlaku. Je\u017cd\u017c\u0119 na rowerze, maluj\u0119 kartki okoliczno\u015bciowe i bardzo ceni\u0119 sobie czas sp\u0119dzany z najbli\u017cszymi.<\/p>\n<\/div><\/div>\n<\/div>\n<\/div>\n\n\n\n<div class=\"wp-block-group alignfull has-theme-palette-9-background-color has-background\"><div class=\"wp-block-group__inner-container is-layout-constrained wp-block-group-is-layout-constrained\">\n<div class=\"wp-block-group alignwide is-vertical is-content-justification-stretch is-layout-flex wp-container-core-group-is-layout-b16ad781 wp-block-group-is-layout-flex\" id=\"oferta\">\n<h2 class=\"wp-block-heading has-text-align-left has-theme-palette-7-color has-text-color has-link-color wp-elements-e5929c51294327f650ebaef6e7b3f5b5\" style=\"margin-top:0;margin-bottom:0;margin-left:var(--wp--preset--spacing--80);font-size:64px;line-height:1\">Oferta<\/h2>\n<\/div>\n\n\n\n<div class=\"wp-block-columns alignfull are-vertically-aligned-top is-layout-flex wp-container-core-columns-is-layout-b815d019 wp-block-columns-is-layout-flex\" style=\"padding-right:var(--wp--preset--spacing--80);padding-left:var(--wp--preset--spacing--80)\">\n<div class=\"wp-block-column is-vertically-aligned-top has-border-color has-theme-palette-11-border-color has-theme-palette-6-background-color has-background is-layout-flow wp-block-column-is-layout-flow\" style=\"border-width:1px;padding-top:0;padding-bottom:0\">\n<h3 class=\"wp-block-heading has-text-align-center has-theme-palette-8-color has-text-color has-link-color wp-elements-727b1029e7c2b96608dc0e39014e6960\" style=\"margin-top:0;margin-bottom:0;font-size:30px;line-height:1\">Psychoterapia <\/h3>\n\n\n\n<p>jjjhh<\/p>\n\n\n\n<div class=\"wp-block-buttons is-layout-flex wp-block-buttons-is-layout-flex\">\n<div class=\"wp-block-button\"><a class=\"wp-block-button__link wp-element-button\">Dowiedz si\u0119 wi\u0119cej<\/a><\/div>\n\n\n\n<div class=\"wp-block-button\"><a class=\"wp-block-button__link wp-element-button\">Zapisy<\/a><\/div>\n<\/div>\n<\/div>\n\n\n\n<div class=\"wp-block-column is-vertically-aligned-top has-border-color has-theme-palette-2-border-color has-theme-palette-6-background-color has-background is-layout-flow wp-block-column-is-layout-flow\" style=\"border-width:1px\">\n<h3 class=\"wp-block-heading has-text-align-center has-theme-palette-8-color has-text-color has-link-color wp-elements-9be44d4b07040a685376a0db0310bce8\" style=\"font-size:30px;line-height:1.1\">Grupy rozwojowe<\/h3>\n\n\n\n<p>jjjhh<\/p>\n\n\n\n<div class=\"wp-block-buttons is-layout-flex wp-block-buttons-is-layout-flex\">\n<div class=\"wp-block-button\"><a class=\"wp-block-button__link wp-element-button\">Dowiedz si\u0119 wi\u0119cej<\/a><\/div>\n\n\n\n<div class=\"wp-block-button\"><a class=\"wp-block-button__link wp-element-button\">Zapisy<\/a><\/div>\n<\/div>\n<\/div>\n\n\n\n<div class=\"wp-block-column is-vertically-aligned-top has-theme-palette-6-background-color has-background is-layout-flow wp-block-column-is-layout-flow\" style=\"border-width:1px\">\n<h3 class=\"wp-block-heading has-text-align-center has-theme-palette-8-color has-text-color has-link-color wp-elements-628c53ce6776ff9162799ad51d9537fa\" style=\"font-size:30px;line-height:1\">Warsztaty<\/h3>\n\n\n\n<p>jjjhh<\/p>\n\n\n\n<div class=\"wp-block-buttons is-layout-flex wp-block-buttons-is-layout-flex\">\n<div class=\"wp-block-button\"><a class=\"wp-block-button__link wp-element-button\">Dowiedz si\u0119 wi\u0119cej<\/a><\/div>\n\n\n\n<div class=\"wp-block-button\"><a class=\"wp-block-button__link wp-element-button\">Zapisy<\/a><\/div>\n<\/div>\n<\/div>\n<\/div>\n<\/div><\/div>\n\n\n\n<p><\/p>\n\n\n\n<figure class=\"wp-block-pullquote\"><blockquote><p>Stworzy\u0142am bezpiecznie_ wierz\u0105c, \u017ce kluczem do wprowadzenia cz\u0119sto przera\u017caj\u0105cych zmian jest <\/p><\/blockquote><\/figure>\n","protected":false},"excerpt":{"rendered":"<p>DOMINIKA STANISZEWSKA-KURCZAK bezpiecznie_ to miejsce, kt\u00f3re \u0142\u0105czy psychoterapi\u0119, grupy rozwojowe i warsztaty kreatywne.Zmiana, rozw\u00f3j i tw\u00f3rcze spotkania w uwa\u017cnej przestrzeni.Lublin oraz online.Rozgo\u015b\u0107 si\u0119 i poczuj bezpiecznie. Poznajmy si\u0119 Mam na imi\u0119 Dominika Jestem&nbsp;psycholo\u017ck\u0105&nbsp;oraz&nbsp;psychoterapeutk\u0105 poznawczo-behawioraln\u0105 w trakcie szkolenia. Pracuj\u0119 z&nbsp;osobami doros\u0142ymi, prowadz\u0105c&nbsp;psychoterapi\u0119 indywidualn\u0105, a tak\u017ce grupy rozwojowe i warsztaty&nbsp;\u2014 stacjonarnie w&nbsp;Lublinie&nbsp;oraz online. W swojej pracy \u0142\u0105cz\u0119&nbsp;wiedz\u0119&#8230;<\/p>\n","protected":false},"author":1,"featured_media":0,"parent":0,"menu_order":0,"comment_status":"closed","ping_status":"closed","template":"","meta":{"_kadence_starter_templates_imported_post":false,"_kad_post_transparent":"","_kad_post_title":"hide","_kad_post_layout":"","_kad_post_sidebar_id":"","_kad_post_content_style":"","_kad_post_vertical_padding":"","_kad_post_feature":"","_kad_post_feature_position":"","_kad_post_header":false,"_kad_post_footer":false,"_kad_post_classname":"","footnotes":""},"class_list":["post-19","page","type-page","status-publish","hentry"],"_links":{"self":[{"href":"https:\/\/bezpiecznie-dominika-staniszewska.pl\/index.php?rest_route=\/wp\/v2\/pages\/19","targetHints":{"allow":["GET"]}}],"collection":[{"href":"https:\/\/bezpiecznie-dominika-staniszewska.pl\/index.php?rest_route=\/wp\/v2\/pages"}],"about":[{"href":"https:\/\/bezpiecznie-dominika-staniszewska.pl\/index.php?rest_route=\/wp\/v2\/types\/page"}],"author":[{"embeddable":true,"href":"https:\/\/bezpiecznie-dominika-staniszewska.pl\/index.php?rest_route=\/wp\/v2\/users\/1"}],"replies":[{"embeddable":true,"href":"https:\/\/bezpiecznie-dominika-staniszewska.pl\/index.php?rest_route=%2Fwp%2Fv2%2Fcomments&post=19"}],"version-history":[{"count":110,"href":"https:\/\/bezpiecznie-dominika-staniszewska.pl\/index.php?rest_route=\/wp\/v2\/pages\/19\/revisions"}],"predecessor-version":[{"id":208,"href":"https:\/\/bezpiecznie-dominika-staniszewska.pl\/index.php?rest_route=\/wp\/v2\/pages\/19\/revisions\/208"}],"wp:attachment":[{"href":"https:\/\/bezpiecznie-dominika-staniszewska.pl\/index.php?rest_route=%2Fwp%2Fv2%2Fmedia&parent=19"}],"curies":[{"name":"wp","href":"https:\/\/api.w.org\/{rel}","templated":true}]}}